{"id":3191,"date":"2024-12-02T16:23:14","date_gmt":"2024-12-02T19:23:14","guid":{"rendered":"https:\/\/drhigienizacao.com\/index.php\/limpeza-de-tapete-em-barreiro-de-baixo-bh-dr-higienizacao-profissional\/"},"modified":"2024-12-02T16:23:14","modified_gmt":"2024-12-02T19:23:14","slug":"limpeza-de-tapete-em-barreiro-de-baixo-bh-dr-higienizacao-profissional","status":"publish","type":"page","link":"https:\/\/drhigienizacao.com\/index.php\/limpeza-de-tapete-em-barreiro-de-baixo-bh-dr-higienizacao-profissional\/","title":{"rendered":"Limpeza de tapete  em Barreiro de Baixo Bh  &#8211; Dr Higieniza\u00e7\u00e3o Profissional"},"content":{"rendered":"<p><strong>Limpeza de tapete em Barreiro de Baixo Bh &#8211; Dr Higieniza\u00e7\u00e3o Profissional<\/strong><\/p>\n<p>Voc\u00ea sabia que manter seus estofados limpos n\u00e3o \u00e9 apenas uma quest\u00e3o de est\u00e9tica, mas tamb\u00e9m de sa\u00fade? N\u00f3s oferecemos a melhor <strong>Limpeza de tapete em Barreiro de Baixo Bh<\/strong>, com t\u00e9cnicas especializadas e <strong>Limpeza de tapete<\/strong>, garantindo a elimina\u00e7\u00e3o de \u00e1caros, sujeira e manchas, sem danificar o tecido.<\/p>\n<p>\ud83c\udf1f <strong>Por que escolher nossos servi\u00e7os?<\/strong><br \/>\n\u2714\ufe0f Higieniza\u00e7\u00e3o profissional com produtos de alta qualidade<br \/>\n\u2714\ufe0f Tecnologia avan\u00e7ada de limpeza a seco<br \/>\n\u2714\ufe0f Resultados vis\u00edveis desde a primeira aplica\u00e7\u00e3o<br \/>\n\u2714\ufe0f Atendimento r\u00e1pido e personalizado<\/p>\n<p>\ud83d\ude80 Transforme seu sof\u00e1 em um ambiente limpo, confort\u00e1vel e livre de impurezas! Entre em contato e fa\u00e7a seu or\u00e7amento agora mesmo.<\/p>\n<p>Deixe seus estofados como novos com quem entende do assunto. Atendimento em Barreiro de Baixo Bh e regi\u00e3o!<\/p>\n","protected":false},"excerpt":{"rendered":"<p>Limpeza de tapete em Barreiro de Baixo Bh &#8211; Dr Higieniza\u00e7\u00e3o Profissional Voc\u00ea sabia que manter seus estofados limpos n\u00e3o \u00e9 apenas uma quest\u00e3o de est\u00e9tica, mas tamb\u00e9m de sa\u00fade? N\u00f3s oferecemos a melhor Limpeza de tapete em Barreiro de Baixo Bh, com t\u00e9cnicas especializadas e Limpeza de tapete, garantindo a elimina\u00e7\u00e3o de \u00e1caros, sujeira [&hellip;]<\/p>\n","protected":false},"author":1,"featured_media":0,"parent":0,"menu_order":0,"comment_status":"closed","ping_status":"closed","template":"","meta":{"footnotes":""},"class_list":["post-3191","page","type-page","status-publish","hentry"],"yoast_head":"<!-- This site is optimized with the Yoast SEO plugin v23.9 - https:\/\/yoast.com\/wordpress\/plugins\/seo\/ -->\n<title>Limpeza de tapete em Barreiro de Baixo Bh - Dr Higieniza\u00e7\u00e3o Profissional - Dr Higieniza\u00e7\u00e3o de Estofados - Vespasiano, Belo Horizonte Lagoa Santa, Santa Luzia, Ribeir\u00e3o das Neves, S\u00e3o Jos\u00e9 da Lapa, Confins, Contagem, Nova Lima<\/title>\n<meta name=\"robots\" content=\"index, follow, max-snippet:-1, max-image-preview:large, max-video-preview:-1\" \/>\n<link rel=\"canonical\" href=\"https:\/\/drhigienizacao.com\/index.php\/limpeza-de-tapete-em-barreiro-de-baixo-bh-dr-higienizacao-profissional\/\" \/>\n<meta property=\"og:locale\" content=\"pt_BR\" \/>\n<meta property=\"og:type\" content=\"article\" \/>\n<meta property=\"og:title\" content=\"Limpeza de tapete em Barreiro de Baixo Bh - Dr Higieniza\u00e7\u00e3o Profissional - Dr Higieniza\u00e7\u00e3o de Estofados - Vespasiano, Belo Horizonte Lagoa Santa, Santa Luzia, Ribeir\u00e3o das Neves, S\u00e3o Jos\u00e9 da Lapa, Confins, Contagem, Nova Lima\" \/>\n<meta property=\"og:description\" content=\"Limpeza de tapete em Barreiro de Baixo Bh &#8211; Dr Higieniza\u00e7\u00e3o Profissional Voc\u00ea sabia que manter seus estofados limpos n\u00e3o \u00e9 apenas uma quest\u00e3o de est\u00e9tica, mas tamb\u00e9m de sa\u00fade? N\u00f3s oferecemos a melhor Limpeza de tapete em Barreiro de Baixo Bh, com t\u00e9cnicas especializadas e Limpeza de tapete, garantindo a elimina\u00e7\u00e3o de \u00e1caros, sujeira [&hellip;]\" \/>\n<meta property=\"og:url\" content=\"https:\/\/drhigienizacao.com\/index.php\/limpeza-de-tapete-em-barreiro-de-baixo-bh-dr-higienizacao-profissional\/\" \/>\n<meta property=\"og:site_name\" content=\"Dr Higieniza\u00e7\u00e3o de Estofados - Vespasiano, Belo Horizonte Lagoa Santa, Santa Luzia, Ribeir\u00e3o das Neves, S\u00e3o Jos\u00e9 da Lapa, Confins, Contagem, Nova Lima\" \/>\n<meta name=\"twitter:card\" content=\"summary_large_image\" \/>\n<meta name=\"twitter:label1\" content=\"Est. tempo de leitura\" \/>\n\t<meta name=\"twitter:data1\" content=\"1 minuto\" \/>\n<script type=\"application\/ld+json\" class=\"yoast-schema-graph\">{\"@context\":\"https:\/\/schema.org\",\"@graph\":[{\"@type\":\"WebPage\",\"@id\":\"https:\/\/drhigienizacao.com\/index.php\/limpeza-de-tapete-em-barreiro-de-baixo-bh-dr-higienizacao-profissional\/\",\"url\":\"https:\/\/drhigienizacao.com\/index.php\/limpeza-de-tapete-em-barreiro-de-baixo-bh-dr-higienizacao-profissional\/\",\"name\":\"Limpeza de tapete em Barreiro de Baixo Bh - Dr Higieniza\u00e7\u00e3o Profissional - Dr Higieniza\u00e7\u00e3o de Estofados - Vespasiano, Belo Horizonte Lagoa Santa, Santa Luzia, Ribeir\u00e3o das Neves, S\u00e3o Jos\u00e9 da Lapa, Confins, Contagem, Nova Lima\",\"isPartOf\":{\"@id\":\"https:\/\/drhigienizacao.com\/#website\"},\"datePublished\":\"2024-12-02T19:23:14+00:00\",\"dateModified\":\"2024-12-02T19:23:14+00:00\",\"breadcrumb\":{\"@id\":\"https:\/\/drhigienizacao.com\/index.php\/limpeza-de-tapete-em-barreiro-de-baixo-bh-dr-higienizacao-profissional\/#breadcrumb\"},\"inLanguage\":\"pt-BR\",\"potentialAction\":[{\"@type\":\"ReadAction\",\"target\":[\"https:\/\/drhigienizacao.com\/index.php\/limpeza-de-tapete-em-barreiro-de-baixo-bh-dr-higienizacao-profissional\/\"]}]},{\"@type\":\"BreadcrumbList\",\"@id\":\"https:\/\/drhigienizacao.com\/index.php\/limpeza-de-tapete-em-barreiro-de-baixo-bh-dr-higienizacao-profissional\/#breadcrumb\",\"itemListElement\":[{\"@type\":\"ListItem\",\"position\":1,\"name\":\"In\u00edcio\",\"item\":\"https:\/\/drhigienizacao.com\/\"},{\"@type\":\"ListItem\",\"position\":2,\"name\":\"Limpeza de tapete em Barreiro de Baixo Bh &#8211; Dr Higieniza\u00e7\u00e3o Profissional\"}]},{\"@type\":\"WebSite\",\"@id\":\"https:\/\/drhigienizacao.com\/#website\",\"url\":\"https:\/\/drhigienizacao.com\/\",\"name\":\"Dr Higieniza\u00e7\u00e3o de Estofados - Vespasiano, Belo Horizonte Lagoa Santa, Santa Luzia, Ribeir\u00e3o das Neves, S\u00e3o Jos\u00e9 da Lapa, Confins, Contagem, Nova Lima\",\"description\":\"Limpeza e Higieniza\u00e7\u00e3o de Estofados, Poltronas, limpeza p\u00f3s obra, Colch\u00f5es, Escrit\u00f3rios\",\"publisher\":{\"@id\":\"https:\/\/drhigienizacao.com\/#organization\"},\"potentialAction\":[{\"@type\":\"SearchAction\",\"target\":{\"@type\":\"EntryPoint\",\"urlTemplate\":\"https:\/\/drhigienizacao.com\/?s={search_term_string}\"},\"query-input\":{\"@type\":\"PropertyValueSpecification\",\"valueRequired\":true,\"valueName\":\"search_term_string\"}}],\"inLanguage\":\"pt-BR\"},{\"@type\":\"Organization\",\"@id\":\"https:\/\/drhigienizacao.com\/#organization\",\"name\":\"Dr Higieniza\u00e7\u00e3o de Estofados - Vespasiano, Belo Horizonte Lagoa Santa, Santa Luzia, Ribeir\u00e3o das Neves, S\u00e3o Jos\u00e9 da Lapa, Confins, Contagem, Nova Lima\",\"url\":\"https:\/\/drhigienizacao.com\/\",\"logo\":{\"@type\":\"ImageObject\",\"inLanguage\":\"pt-BR\",\"@id\":\"https:\/\/drhigienizacao.com\/#\/schema\/logo\/image\/\",\"url\":\"https:\/\/drhigienizacao.com\/wp-content\/uploads\/2024\/06\/Logo-dr_higienizacao-01-e1750266430150.png\",\"contentUrl\":\"https:\/\/drhigienizacao.com\/wp-content\/uploads\/2024\/06\/Logo-dr_higienizacao-01-e1750266430150.png\",\"width\":242,\"height\":34,\"caption\":\"Dr Higieniza\u00e7\u00e3o de Estofados - Vespasiano, Belo Horizonte Lagoa Santa, Santa Luzia, Ribeir\u00e3o das Neves, S\u00e3o Jos\u00e9 da Lapa, Confins, Contagem, Nova Lima\"},\"image\":{\"@id\":\"https:\/\/drhigienizacao.com\/#\/schema\/logo\/image\/\"}}]}<\/script>\n<!-- \/ Yoast SEO plugin. -->","yoast_head_json":{"title":"Limpeza de tapete em Barreiro de Baixo Bh - Dr Higieniza\u00e7\u00e3o Profissional - Dr Higieniza\u00e7\u00e3o de Estofados - Vespasiano, Belo Horizonte Lagoa Santa, Santa Luzia, Ribeir\u00e3o das Neves, S\u00e3o Jos\u00e9 da Lapa, Confins, Contagem, Nova Lima","robots":{"index":"index","follow":"follow","max-snippet":"max-snippet:-1","max-image-preview":"max-image-preview:large","max-video-preview":"max-video-preview:-1"},"canonical":"https:\/\/drhigienizacao.com\/index.php\/limpeza-de-tapete-em-barreiro-de-baixo-bh-dr-higienizacao-profissional\/","og_locale":"pt_BR","og_type":"article","og_title":"Limpeza de tapete em Barreiro de Baixo Bh - Dr Higieniza\u00e7\u00e3o Profissional - Dr Higieniza\u00e7\u00e3o de Estofados - Vespasiano, Belo Horizonte Lagoa Santa, Santa Luzia, Ribeir\u00e3o das Neves, S\u00e3o Jos\u00e9 da Lapa, Confins, Contagem, Nova Lima","og_description":"Limpeza de tapete em Barreiro de Baixo Bh &#8211; Dr Higieniza\u00e7\u00e3o Profissional Voc\u00ea sabia que manter seus estofados limpos n\u00e3o \u00e9 apenas uma quest\u00e3o de est\u00e9tica, mas tamb\u00e9m de sa\u00fade? N\u00f3s oferecemos a melhor Limpeza de tapete em Barreiro de Baixo Bh, com t\u00e9cnicas especializadas e Limpeza de tapete, garantindo a elimina\u00e7\u00e3o de \u00e1caros, sujeira [&hellip;]","og_url":"https:\/\/drhigienizacao.com\/index.php\/limpeza-de-tapete-em-barreiro-de-baixo-bh-dr-higienizacao-profissional\/","og_site_name":"Dr Higieniza\u00e7\u00e3o de Estofados - Vespasiano, Belo Horizonte Lagoa Santa, Santa Luzia, Ribeir\u00e3o das Neves, S\u00e3o Jos\u00e9 da Lapa, Confins, Contagem, Nova Lima","twitter_card":"summary_large_image","twitter_misc":{"Est. tempo de leitura":"1 minuto"},"schema":{"@context":"https:\/\/schema.org","@graph":[{"@type":"WebPage","@id":"https:\/\/drhigienizacao.com\/index.php\/limpeza-de-tapete-em-barreiro-de-baixo-bh-dr-higienizacao-profissional\/","url":"https:\/\/drhigienizacao.com\/index.php\/limpeza-de-tapete-em-barreiro-de-baixo-bh-dr-higienizacao-profissional\/","name":"Limpeza de tapete em Barreiro de Baixo Bh - Dr Higieniza\u00e7\u00e3o Profissional - Dr Higieniza\u00e7\u00e3o de Estofados - Vespasiano, Belo Horizonte Lagoa Santa, Santa Luzia, Ribeir\u00e3o das Neves, S\u00e3o Jos\u00e9 da Lapa, Confins, Contagem, Nova Lima","isPartOf":{"@id":"https:\/\/drhigienizacao.com\/#website"},"datePublished":"2024-12-02T19:23:14+00:00","dateModified":"2024-12-02T19:23:14+00:00","breadcrumb":{"@id":"https:\/\/drhigienizacao.com\/index.php\/limpeza-de-tapete-em-barreiro-de-baixo-bh-dr-higienizacao-profissional\/#breadcrumb"},"inLanguage":"pt-BR","potentialAction":[{"@type":"ReadAction","target":["https:\/\/drhigienizacao.com\/index.php\/limpeza-de-tapete-em-barreiro-de-baixo-bh-dr-higienizacao-profissional\/"]}]},{"@type":"BreadcrumbList","@id":"https:\/\/drhigienizacao.com\/index.php\/limpeza-de-tapete-em-barreiro-de-baixo-bh-dr-higienizacao-profissional\/#breadcrumb","itemListElement":[{"@type":"ListItem","position":1,"name":"In\u00edcio","item":"https:\/\/drhigienizacao.com\/"},{"@type":"ListItem","position":2,"name":"Limpeza de tapete em Barreiro de Baixo Bh &#8211; Dr Higieniza\u00e7\u00e3o Profissional"}]},{"@type":"WebSite","@id":"https:\/\/drhigienizacao.com\/#website","url":"https:\/\/drhigienizacao.com\/","name":"Dr Higieniza\u00e7\u00e3o de Estofados - Vespasiano, Belo Horizonte Lagoa Santa, Santa Luzia, Ribeir\u00e3o das Neves, S\u00e3o Jos\u00e9 da Lapa, Confins, Contagem, Nova Lima","description":"Limpeza e Higieniza\u00e7\u00e3o de Estofados, Poltronas, limpeza p\u00f3s obra, Colch\u00f5es, Escrit\u00f3rios","publisher":{"@id":"https:\/\/drhigienizacao.com\/#organization"},"potentialAction":[{"@type":"SearchAction","target":{"@type":"EntryPoint","urlTemplate":"https:\/\/drhigienizacao.com\/?s={search_term_string}"},"query-input":{"@type":"PropertyValueSpecification","valueRequired":true,"valueName":"search_term_string"}}],"inLanguage":"pt-BR"},{"@type":"Organization","@id":"https:\/\/drhigienizacao.com\/#organization","name":"Dr Higieniza\u00e7\u00e3o de Estofados - Vespasiano, Belo Horizonte Lagoa Santa, Santa Luzia, Ribeir\u00e3o das Neves, S\u00e3o Jos\u00e9 da Lapa, Confins, Contagem, Nova Lima","url":"https:\/\/drhigienizacao.com\/","logo":{"@type":"ImageObject","inLanguage":"pt-BR","@id":"https:\/\/drhigienizacao.com\/#\/schema\/logo\/image\/","url":"https:\/\/drhigienizacao.com\/wp-content\/uploads\/2024\/06\/Logo-dr_higienizacao-01-e1750266430150.png","contentUrl":"https:\/\/drhigienizacao.com\/wp-content\/uploads\/2024\/06\/Logo-dr_higienizacao-01-e1750266430150.png","width":242,"height":34,"caption":"Dr Higieniza\u00e7\u00e3o de Estofados - Vespasiano, Belo Horizonte Lagoa Santa, Santa Luzia, Ribeir\u00e3o das Neves, S\u00e3o Jos\u00e9 da Lapa, Confins, Contagem, Nova Lima"},"image":{"@id":"https:\/\/drhigienizacao.com\/#\/schema\/logo\/image\/"}}]}},"_links":{"self":[{"href":"https:\/\/drhigienizacao.com\/index.php\/wp-json\/wp\/v2\/pages\/3191","targetHints":{"allow":["GET"]}}],"collection":[{"href":"https:\/\/drhigienizacao.com\/index.php\/wp-json\/wp\/v2\/pages"}],"about":[{"href":"https:\/\/drhigienizacao.com\/index.php\/wp-json\/wp\/v2\/types\/page"}],"author":[{"embeddable":true,"href":"https:\/\/drhigienizacao.com\/index.php\/wp-json\/wp\/v2\/users\/1"}],"replies":[{"embeddable":true,"href":"https:\/\/drhigienizacao.com\/index.php\/wp-json\/wp\/v2\/comments?post=3191"}],"version-history":[{"count":0,"href":"https:\/\/drhigienizacao.com\/index.php\/wp-json\/wp\/v2\/pages\/3191\/revisions"}],"wp:attachment":[{"href":"https:\/\/drhigienizacao.com\/index.php\/wp-json\/wp\/v2\/media?parent=3191"}],"curies":[{"name":"wp","href":"https:\/\/api.w.org\/{rel}","templated":true}]}}